{"id":56971,"date":"2017-05-05T11:55:57","date_gmt":"2017-05-05T09:55:57","guid":{"rendered":"https:\/\/undsgn.com\/uncode\/?page_id=56971"},"modified":"2025-12-23T21:04:10","modified_gmt":"2025-12-23T21:04:10","slug":"about-us","status":"publish","type":"page","link":"http:\/\/gelucarboncreation.com\/pt\/about-us\/","title":{"rendered":"<p>About Us<\/p>"},"content":{"rendered":"<p>[vc_row row_height_percent=&rdquo;0&Prime; override_padding=&rdquo;yes&rdquo; h_padding=&rdquo;2&Prime; top_padding=&rdquo;0&Prime; bottom_padding=&rdquo;0&Prime; overlay_alpha=&rdquo;50&Prime; gutter_size=&rdquo;3&Prime; column_width_percent=&rdquo;100&Prime; shift_y=&rdquo;0&Prime; z_index=&rdquo;0&Prime;][vc_column column_width_percent=&rdquo;100&Prime; override_padding=&rdquo;yes&rdquo; column_padding=&rdquo;3&Prime; back_color=&rdquo;color-xsdn&rdquo; overlay_alpha=&rdquo;50&Prime; gutter_size=&rdquo;3&Prime; medium_width=&rdquo;0&Prime; mobile_width=&rdquo;0&Prime; shift_x=&rdquo;0&Prime; shift_y=&rdquo;-4&Prime; shift_y_fixed=&rdquo;yes&rdquo; shift_y_down=&rdquo;0&Prime; z_index=&rdquo;0&Prime; width=&rdquo;1\/1&Prime;][vc_row_inner row_inner_height_percent=&rdquo;0&Prime; overlay_alpha=&rdquo;50&Prime; equal_height=&rdquo;yes&rdquo; gutter_size=&rdquo;0&Prime; shift_y=&rdquo;0&Prime;][vc_column_inner column_width_percent=&rdquo;100&Prime; position_vertical=&rdquo;middle&rdquo; align_horizontal=&rdquo;align_center&rdquo; override_padding=&rdquo;yes&rdquo; column_padding=&rdquo;2&Prime; gutter_size=&rdquo;3&Prime; overlay_alpha=&rdquo;50&Prime; medium_width=&rdquo;6&Prime; align_mobile=&rdquo;align_center_mobile&rdquo; mobile_width=&rdquo;0&Prime; shift_x=&rdquo;0&Prime; shift_y=&rdquo;0&Prime; shift_y_down=&rdquo;0&Prime; z_index=&rdquo;0&Prime; width=&rdquo;1\/1&Prime;][vc_custom_heading text_size=&rdquo;fontsize-155944&Prime; text_space=&rdquo;fontspace-781688&Prime; text_font=&rdquo;font-202503&Prime; text_weight=&rdquo;200&Prime;]<strong><span class=\"font-377884\" >O selim mais leve do mundo<\/span><\/strong>[\/vc_custom_heading][\/vc_column_inner][\/vc_row_inner][\/vc_column][\/vc_row][vc_row row_height_percent=&rdquo;0&Prime; override_padding=&rdquo;yes&rdquo; h_padding=&rdquo;2&Prime; top_padding=&rdquo;0&Prime; bottom_padding=&rdquo;0&Prime; overlay_alpha=&rdquo;50&Prime; gutter_size=&rdquo;3&Prime; column_width_percent=&rdquo;100&Prime; shift_y=&rdquo;0&Prime; z_index=&rdquo;0&Prime;][vc_column column_width_use_pixel=&rdquo;yes&rdquo; font_family=&rdquo;font-202503&Prime; overlay_alpha=&rdquo;50&Prime; gutter_size=&rdquo;2&Prime; medium_width=&rdquo;0&Prime; align_mobile=&rdquo;align_center_mobile&rdquo; mobile_width=&rdquo;0&Prime; shift_x=&rdquo;0&Prime; shift_y=&rdquo;0&Prime; shift_y_down=&rdquo;0&Prime; z_index=&rdquo;0&Prime; width=&rdquo;1\/1&Prime; column_width_pixel=&rdquo;800&Prime;][vc_column_text text_lead=&rdquo;yes&rdquo;]<span class=\"font-762333 font-377884\">A Gelu Carbon Creation \u00e9 uma empresa portuguesa fundada em 2013\npor Anghel Ivanof (Gelu) que, j\u00e1 h\u00e1 mais de 30 anos, estava ligado aos\ncomp\u00f3sitos nas mais diversas \u00e1reas. No in\u00edcio dos anos 90, come\u00e7ou\na aventura n\u00e1utica com o fabrico e repara\u00e7\u00e3o de v\u00e1rios componentes\nem carbono para embarca\u00e7\u00f5es de competi\u00e7\u00e3o (canoagem, remo,\nwindsurf, surf). Entre 1999 e 2020 esteve diretamente ligado no mundo\nda fabrica\u00e7\u00e3o aeron\u00e1utica e dos comp\u00f3sitos avan\u00e7ados, e foi\njustamente durante a este per\u00edodo que a partir de 2005 come\u00e7a a\naplicar os conhecimentos e a experi\u00eancia adquirida ao mundo do\nciclismo com a repara\u00e7\u00e3o de todos os componentes em carbono,\nusando para isso a tecnologia dos comp\u00f3sitos avan\u00e7ados.<\/span>[\/vc_column_text][\/vc_column][\/vc_row][vc_row row_height_percent=&rdquo;0&Prime; override_padding=&rdquo;yes&rdquo; h_padding=&rdquo;2&Prime; top_padding=&rdquo;0&Prime; bottom_padding=&rdquo;4&Prime; overlay_alpha=&rdquo;50&Prime; gutter_size=&rdquo;3&Prime; column_width_percent=&rdquo;100&Prime; shift_y=&rdquo;0&Prime; z_index=&rdquo;0&Prime;][vc_column column_width_use_pixel=&rdquo;yes&rdquo; font_family=&rdquo;font-202503&Prime; overlay_alpha=&rdquo;50&Prime; gutter_size=&rdquo;3&Prime; medium_width=&rdquo;0&Prime; align_mobile=&rdquo;align_center_mobile&rdquo; mobile_width=&rdquo;0&Prime; shift_x=&rdquo;0&Prime; shift_y=&rdquo;0&Prime; shift_y_down=&rdquo;0&Prime; z_index=&rdquo;0&Prime; width=&rdquo;1\/1&Prime; column_width_pixel=&rdquo;800&Prime;][vc_row_inner][vc_column_inner column_width_percent=&rdquo;100&Prime; align_horizontal=&rdquo;align_center&rdquo; gutter_size=&rdquo;2&Prime; overlay_alpha=&rdquo;50&Prime; medium_width=&rdquo;0&Prime; mobile_width=&rdquo;0&Prime; shift_x=&rdquo;0&Prime; shift_y=&rdquo;0&Prime; shift_y_down=&rdquo;0&Prime; z_index=&rdquo;0&Prime; width=&rdquo;1\/1&Prime;][vc_empty_space empty_h=&rdquo;2&Prime;][vc_custom_heading heading_semantic=&rdquo;h6&Prime; text_size=&rdquo;fontsize-155944&Prime; text_space=&rdquo;fontspace-111509&Prime; text_font=&rdquo;font-202503&Prime; text_weight=&rdquo;300&Prime; text_color=&rdquo;color-wvjs&rdquo;]<img loading=\"lazy\"  class=\"alignleft wp-image-79907\"  src=\"http:\/\/gelucarboncreation.com\/wp-content\/uploads\/2019\/06\/22555276_775696552631816_6844500858916174154_n-150x150.jpg\"  alt=\"symbol\"  width=\"25\"  height=\"25\"  srcset=\"http:\/\/gelucarboncreation.com\/wp-content\/uploads\/2019\/06\/22555276_775696552631816_6844500858916174154_n-150x150.jpg 150w, http:\/\/gelucarboncreation.com\/wp-content\/uploads\/2019\/06\/22555276_775696552631816_6844500858916174154_n-300x300.jpg 300w, http:\/\/gelucarboncreation.com\/wp-content\/uploads\/2019\/06\/22555276_775696552631816_6844500858916174154_n-600x600.jpg 600w, http:\/\/gelucarboncreation.com\/wp-content\/uploads\/2019\/06\/22555276_775696552631816_6844500858916174154_n-100x100.jpg 100w, http:\/\/gelucarboncreation.com\/wp-content\/uploads\/2019\/06\/22555276_775696552631816_6844500858916174154_n.jpg 749w\" sizes=\"(max-width: 25px) 100vw, 25px\">[\/vc_custom_heading][vc_custom_heading heading_semantic=&rdquo;h1&Prime; text_size=&rdquo;h1&Prime; text_space=&rdquo;fontspace-111509&Prime; text_font=&rdquo;font-202503&Prime; text_weight=&rdquo;300&Prime;]<span class=\"font-377884\">Foco na Qualidade<\/span>[\/vc_custom_heading][\/vc_column_inner][\/vc_row_inner][vc_column_text text_lead=&rdquo;yes&rdquo;]<span class=\"font-377884\">Em 2006 surge o primeiro prot\u00f3tipo de selim 100% em carbono e foram precisos cerca de 7 anos de desenvolvimento, testes e certifica\u00e7\u00f5es e uma equipa competente toda oriunda do mundo aeron\u00e1utico, composta por um medico ortopedista, um m\u00e9dico urologista, dois engenheiros e alguns dos melhores atletas portugueses, para que finalmente em 2013, fosse apresentado ao mundo o primeiro selim Gelu que se posicionou no mercado como sendo o selim mais leve do mundo!<\/span><p><span class=\"font-377884\">Desde ent\u00e3o foram desenvolvidos v\u00e1rios modelos de selins certificados e aperfei\u00e7oados, e foram quebrados v\u00e1rios recordes de peso, onde em 2018 apresentou o modelo K3 com apenas 38g que continua ainda hoje a ser o selim mais leve do mundo.<\/span><\/p><p><span class=\"font-377884\">Para al\u00e9m dos selins, hoje a marca Gelu j\u00e1 produz tamb\u00e9m espig\u00f5es, guiadores, caixas de dire\u00e7\u00e3o, pratos e aranha para BTT, e j\u00e1 tem em fase de desenvolvimento v\u00e1rios outros novos produtos.<\/span><\/p><p><span class=\"font-762333 font-377884\" >All Gelu products are conceived, designed, developed and manufactured &ldquo;by hand&rdquo; in the factory in Portugal, having already presented several completely unique and innovative products such as the handlebars for MTB and polygon-shaped seatpost, or the &ldquo;fast change system&rdquo;.<\/span>[\/vc_column_text][\/vc_column][\/vc_row][vc_row][vc_column width=&rdquo;1\/1&Prime;][vc_custom_heading heading_semantic=&rdquo;h1&Prime; text_size=&rdquo;h1&Prime; text_space=&rdquo;fontspace-111509&Prime; text_font=&rdquo;font-202503&Prime; text_weight=&rdquo;300&Prime;]<span class=\"font-377884\">Parceiros<\/span>[\/vc_custom_heading][\/vc_column][\/vc_row][vc_row][vc_column width=&rdquo;1\/6&Prime;][vc_single_image media=&rdquo;81364&Prime; caption=&rdquo;yes&rdquo; media_lightbox=&rdquo;yes&rdquo; media_poster=&rdquo;yes&rdquo; media_width_percent=&rdquo;100&Prime; css_animation=&rdquo;alpha-anim&rdquo;][\/vc_column][vc_column width=&rdquo;1\/6&Prime;][vc_single_image media=&rdquo;81363&Prime; caption=&rdquo;yes&rdquo; media_lightbox=&rdquo;yes&rdquo; media_poster=&rdquo;yes&rdquo; media_width_percent=&rdquo;100&Prime; css_animation=&rdquo;alpha-anim&rdquo;][\/vc_column][vc_column width=&rdquo;1\/6&Prime;][vc_single_image media=&rdquo;81362&Prime; caption=&rdquo;yes&rdquo; media_lightbox=&rdquo;yes&rdquo; media_poster=&rdquo;yes&rdquo; media_width_percent=&rdquo;100&Prime; css_animation=&rdquo;alpha-anim&rdquo;][\/vc_column][vc_column width=&rdquo;1\/6&Prime;][vc_single_image media=&rdquo;81361&Prime; caption=&rdquo;yes&rdquo; media_lightbox=&rdquo;yes&rdquo; media_poster=&rdquo;yes&rdquo; media_width_percent=&rdquo;100&Prime; css_animation=&rdquo;alpha-anim&rdquo;][\/vc_column][vc_column width=&rdquo;1\/6&Prime;][vc_single_image media=&rdquo;81360&Prime; caption=&rdquo;yes&rdquo; media_lightbox=&rdquo;yes&rdquo; media_poster=&rdquo;yes&rdquo; media_width_percent=&rdquo;100&Prime; css_animation=&rdquo;alpha-anim&rdquo;][\/vc_column][vc_column width=&rdquo;1\/6&Prime;][vc_single_image media=&rdquo;81359&Prime; caption=&rdquo;yes&rdquo; media_lightbox=&rdquo;yes&rdquo; media_poster=&rdquo;yes&rdquo; media_width_percent=&rdquo;100&Prime; css_animation=&rdquo;alpha-anim&rdquo;][\/vc_column][\/vc_row][vc_row][vc_column width=&rdquo;1\/6&Prime;][vc_single_image media=&rdquo;81358&Prime; caption=&rdquo;yes&rdquo; media_lightbox=&rdquo;yes&rdquo; media_poster=&rdquo;yes&rdquo; media_width_percent=&rdquo;100&Prime; css_animation=&rdquo;alpha-anim&rdquo;][\/vc_column][vc_column width=&rdquo;1\/6&Prime;][vc_single_image media=&rdquo;81357&Prime; caption=&rdquo;yes&rdquo; media_lightbox=&rdquo;yes&rdquo; media_poster=&rdquo;yes&rdquo; media_width_percent=&rdquo;100&Prime; css_animation=&rdquo;alpha-anim&rdquo;][\/vc_column][vc_column width=&rdquo;1\/6&Prime;][vc_single_image media=&rdquo;81356&Prime; caption=&rdquo;yes&rdquo; media_lightbox=&rdquo;yes&rdquo; media_poster=&rdquo;yes&rdquo; media_width_percent=&rdquo;100&Prime; css_animation=&rdquo;alpha-anim&rdquo;][\/vc_column][vc_column width=&rdquo;1\/6&Prime;][vc_single_image media=&rdquo;81355&Prime; caption=&rdquo;yes&rdquo; media_lightbox=&rdquo;yes&rdquo; media_poster=&rdquo;yes&rdquo; media_width_percent=&rdquo;100&Prime; css_animation=&rdquo;alpha-anim&rdquo;][\/vc_column][vc_column width=&rdquo;1\/6&Prime;][vc_single_image media=&rdquo;81354&Prime; caption=&rdquo;yes&rdquo; media_lightbox=&rdquo;yes&rdquo; media_poster=&rdquo;yes&rdquo; media_width_percent=&rdquo;100&Prime; css_animation=&rdquo;alpha-anim&rdquo;][\/vc_column][vc_column width=&rdquo;1\/6&Prime;][vc_single_image media=&rdquo;81353&Prime; caption=&rdquo;yes&rdquo; media_lightbox=&rdquo;yes&rdquo; media_poster=&rdquo;yes&rdquo; media_width_percent=&rdquo;100&Prime; css_animation=&rdquo;alpha-anim&rdquo;][\/vc_column][\/vc_row][vc_row][vc_column width=&rdquo;1\/6&Prime;][vc_single_image media=&rdquo;81352&Prime; caption=&rdquo;yes&rdquo; media_lightbox=&rdquo;yes&rdquo; media_poster=&rdquo;yes&rdquo; media_width_percent=&rdquo;100&Prime; css_animation=&rdquo;alpha-anim&rdquo;][\/vc_column][vc_column width=&rdquo;1\/6&Prime;][vc_single_image media=&rdquo;81351&Prime; caption=&rdquo;yes&rdquo; media_lightbox=&rdquo;yes&rdquo; media_poster=&rdquo;yes&rdquo; media_width_percent=&rdquo;100&Prime; css_animation=&rdquo;alpha-anim&rdquo;][\/vc_column][vc_column width=&rdquo;1\/6&Prime;][vc_single_image media=&rdquo;81350&Prime; caption=&rdquo;yes&rdquo; media_lightbox=&rdquo;yes&rdquo; media_poster=&rdquo;yes&rdquo; media_width_percent=&rdquo;100&Prime; css_animation=&rdquo;alpha-anim&rdquo;][\/vc_column][vc_column width=&rdquo;1\/6&Prime;][vc_single_image media=&rdquo;81349&Prime; caption=&rdquo;yes&rdquo; media_lightbox=&rdquo;yes&rdquo; media_poster=&rdquo;yes&rdquo; media_width_percent=&rdquo;100&Prime; css_animation=&rdquo;alpha-anim&rdquo;][\/vc_column][vc_column width=&rdquo;1\/6&Prime;][vc_single_image media=&rdquo;81348&Prime; caption=&rdquo;yes&rdquo; media_lightbox=&rdquo;yes&rdquo; media_poster=&rdquo;yes&rdquo; media_width_percent=&rdquo;100&Prime; css_animation=&rdquo;alpha-anim&rdquo;][\/vc_column][vc_column width=&rdquo;1\/6&Prime;][vc_single_image media=&rdquo;81347&Prime; caption=&rdquo;yes&rdquo; media_lightbox=&rdquo;yes&rdquo; media_poster=&rdquo;yes&rdquo; media_width_percent=&rdquo;100&Prime; css_animation=&rdquo;alpha-anim&rdquo;][\/vc_column][\/vc_row][vc_row][vc_column width=&rdquo;1\/6&Prime;][\/vc_column][vc_column width=&rdquo;1\/6&Prime;][\/vc_column][vc_column width=&rdquo;1\/6&Prime;][vc_single_image media=&rdquo;81346&Prime; caption=&rdquo;yes&rdquo; media_lightbox=&rdquo;yes&rdquo; media_poster=&rdquo;yes&rdquo; media_width_percent=&rdquo;100&Prime; css_animation=&rdquo;alpha-anim&rdquo;][\/vc_column][vc_column width=&rdquo;1\/6&Prime;][vc_single_image media=&rdquo;81345&Prime; caption=&rdquo;yes&rdquo; media_lightbox=&rdquo;yes&rdquo; media_poster=&rdquo;yes&rdquo; media_width_percent=&rdquo;100&Prime; css_animation=&rdquo;alpha-anim&rdquo;][\/vc_column][vc_column width=&rdquo;1\/6&Prime;][\/vc_column][vc_column width=&rdquo;1\/6&Prime;][\/vc_column][\/vc_row]<\/p><\/p>","protected":false},"excerpt":{"rendered":"<p>[vc_row row_height_percent=&rdquo;0&Prime; override_padding=&rdquo;yes&rdquo; h_padding=&rdquo;2&Prime; top_padding=&rdquo;0&Prime; bottom_padding=&rdquo;0&Prime; overlay_alpha=&rdquo;50&Prime; gutter_size=&rdquo;3&Prime; column_width_percent=&rdquo;100&Prime; shift_y=&rdquo;0&Prime; z_index=&rdquo;0&Prime;][vc_column column_width_percent=&rdquo;100&Prime; override_padding=&rdquo;yes&rdquo; column_padding=&rdquo;3&Prime; back_color=&rdquo;color-xsdn&rdquo; overlay_alpha=&rdquo;50&Prime; gutter_size=&rdquo;3&Prime; medium_width=&rdquo;0&Prime; mobile_width=&rdquo;0&Prime; shift_x=&rdquo;0&Prime; [&hellip;]<\/p>","protected":false},"author":1,"featured_media":80213,"parent":0,"menu_order":1,"comment_status":"closed","ping_status":"closed","template":"","meta":[],"_links":{"self":[{"href":"http:\/\/gelucarboncreation.com\/pt\/wp-json\/wp\/v2\/pages\/56971"}],"collection":[{"href":"http:\/\/gelucarboncreation.com\/pt\/wp-json\/wp\/v2\/pages"}],"about":[{"href":"http:\/\/gelucarboncreation.com\/pt\/wp-json\/wp\/v2\/types\/page"}],"author":[{"embeddable":true,"href":"http:\/\/gelucarboncreation.com\/pt\/wp-json\/wp\/v2\/users\/1"}],"replies":[{"embeddable":true,"href":"http:\/\/gelucarboncreation.com\/pt\/wp-json\/wp\/v2\/comments?post=56971"}],"version-history":[{"count":94,"href":"http:\/\/gelucarboncreation.com\/pt\/wp-json\/wp\/v2\/pages\/56971\/revisions"}],"predecessor-version":[{"id":82472,"href":"http:\/\/gelucarboncreation.com\/pt\/wp-json\/wp\/v2\/pages\/56971\/revisions\/82472"}],"wp:featuredmedia":[{"embeddable":true,"href":"http:\/\/gelucarboncreation.com\/pt\/wp-json\/wp\/v2\/media\/80213"}],"wp:attachment":[{"href":"http:\/\/gelucarboncreation.com\/pt\/wp-json\/wp\/v2\/media?parent=56971"}],"curies":[{"name":"wp","href":"https:\/\/api.w.org\/{rel}","templated":true}]}}