{"id":80189,"date":"2019-08-08T20:31:13","date_gmt":"2019-08-08T20:31:13","guid":{"rendered":"http:\/\/gelucarboncreation.com\/wp\/?page_id=80189"},"modified":"2024-11-04T10:16:09","modified_gmt":"2024-11-04T10:16:09","slug":"warranty","status":"publish","type":"page","link":"http:\/\/gelucarboncreation.com\/pt\/about-us\/warranty\/","title":{"rendered":"<p>Garantia & Conselhos<\/p>"},"content":{"rendered":"<p>[vc_row row_height_percent=&rdquo;0&Prime; override_padding=&rdquo;yes&rdquo; h_padding=&rdquo;2&Prime; top_padding=&rdquo;0&Prime; bottom_padding=&rdquo;0&Prime; overlay_alpha=&rdquo;50&Prime; gutter_size=&rdquo;3&Prime; column_width_percent=&rdquo;100&Prime; shift_y=&rdquo;0&Prime; z_index=&rdquo;0&Prime;][vc_column column_width_percent=&rdquo;100&Prime; override_padding=&rdquo;yes&rdquo; column_padding=&rdquo;3&Prime; back_color=&rdquo;color-xsdn&rdquo; overlay_alpha=&rdquo;50&Prime; gutter_size=&rdquo;3&Prime; medium_width=&rdquo;0&Prime; mobile_width=&rdquo;0&Prime; shift_x=&rdquo;0&Prime; shift_y=&rdquo;-4&Prime; shift_y_fixed=&rdquo;yes&rdquo; shift_y_down=&rdquo;0&Prime; z_index=&rdquo;0&Prime; width=&rdquo;1\/1&Prime;][vc_row_inner row_inner_height_percent=&rdquo;0&Prime; overlay_alpha=&rdquo;50&Prime; equal_height=&rdquo;yes&rdquo; gutter_size=&rdquo;0&Prime; shift_y=&rdquo;0&Prime;][vc_column_inner column_width_percent=&rdquo;100&Prime; position_vertical=&rdquo;middle&rdquo; align_horizontal=&rdquo;align_center&rdquo; override_padding=&rdquo;yes&rdquo; column_padding=&rdquo;2&Prime; gutter_size=&rdquo;3&Prime; overlay_alpha=&rdquo;50&Prime; medium_width=&rdquo;6&Prime; align_mobile=&rdquo;align_center_mobile&rdquo; mobile_width=&rdquo;0&Prime; shift_x=&rdquo;0&Prime; shift_y=&rdquo;0&Prime; shift_y_down=&rdquo;0&Prime; z_index=&rdquo;0&Prime; width=&rdquo;1\/1&Prime;][vc_custom_heading text_size=&rdquo;fontsize-155944&Prime; text_space=&rdquo;fontspace-781688&Prime; text_font=&rdquo;font-377884&Prime; text_weight=&rdquo;200&Prime;]User advice for our saddles[\/vc_custom_heading][\/vc_column_inner][\/vc_row_inner][\/vc_column][\/vc_row][vc_row row_height_percent=&rdquo;0&Prime; override_padding=&rdquo;yes&rdquo; h_padding=&rdquo;2&Prime; top_padding=&rdquo;0&Prime; bottom_padding=&rdquo;0&Prime; overlay_alpha=&rdquo;50&Prime; gutter_size=&rdquo;3&Prime; column_width_percent=&rdquo;100&Prime; shift_y=&rdquo;0&Prime; z_index=&rdquo;0&Prime;][vc_column column_width_use_pixel=&rdquo;yes&rdquo; font_family=&rdquo;font-202503&Prime; overlay_alpha=&rdquo;50&Prime; gutter_size=&rdquo;2&Prime; medium_width=&rdquo;0&Prime; align_mobile=&rdquo;align_center_mobile&rdquo; mobile_width=&rdquo;0&Prime; shift_x=&rdquo;0&Prime; shift_y=&rdquo;0&Prime; shift_y_down=&rdquo;0&Prime; z_index=&rdquo;0&Prime; width=&rdquo;1\/1&Prime; column_width_pixel=&rdquo;800&Prime;][vc_column_text text_lead=&rdquo;yes&rdquo;]<span class=\"font-762333 font-377884\"><span style=\"font-weight: 400;\">Para usufruir ao m\u00e1ximo de um selim em carbono precisa apenas ter alguns cuidados que n\u00e3o teria com um selim convencional: <\/span><span style=\"font-weight: 400;\">wouldn&rsquo;t with a conventional saddle:<\/span><\/span><ol>\n<li style=\"font-weight: 400;\"><span class=\"font-762333 font-377884\"  style=\"font-weight: 400;\">Nunca levantar ou pendurar a bike segurando apenas pela parte da cima do selim. Este infelizmente \u00e9 um erro comum (imaginem uma bike de BTT depois de um passeio ou competi\u00e7\u00e3o com as rodas cheias de lama onde o peso da pr\u00f3pria bike chega a triplicar). A uni\u00e3o da parte da cima aos carris num selim em carbono, \u00e9 feita atrav\u00e9s de uma colagem estrutural preparada para aguentar todas as flex\u00f5es e tor\u00e7\u00f5es do sentido cima \u2192 baixo. Neste capitulo encaixam tamb\u00e9m as famosas selfies com a bike pendurada numa arvore pelo selim. A garantia n\u00e3o abrange este tipo de situa\u00e7\u00e3o!<\/span><\/li>\n<li style=\"font-weight: 400;\"><span class=\"font-762333 font-377884\"  style=\"font-weight: 400;\">Never leave the bike leaning against a wall or fence. In these situations almost always the bike turns over to the side and the most salient elements, namely the saddle and handlebar, get affected by the impact (when the handlebar rotates, the saddle gets the biggest blow). If you don&rsquo;t have a place to leave your bike, it&acute;s better to lay it down on the ground. This type of a situation is not covered by warranty!<\/span><\/li>\n<li style=\"font-weight: 400;\"><span class=\"font-762333 font-377884\"  style=\"font-weight: 400;\">Nunca passar por buracos, lombas, ou piso em muito mau estado, completamente sentado. Nestas situa\u00e7\u00f5es deve aliviar um pouco a tens\u00e3o no selim ou de prefer\u00eancia pedalar em p\u00e9. Embora absorva grande parte das irregularidades do solo, ao passar neste tipo de piso sentado, o carbono pode ceder. A garantia n\u00e3o abrange este tipo de situa\u00e7\u00e3o!<\/span><\/li>\n<li style=\"font-weight: 400;\"><span class=\"font-762333 font-377884\"  style=\"font-weight: 400;\">Manufacturer&rsquo;s installation recommendations should be strictly adhered to at all times. Comply with the torque values indicated by the seat post manufacturers. In many cases, it seems you could use another 1 cm of the front or rear rails and the saddle ends up being fitted beyond the safety zone (this will result in a huge lever that will cause the rails to break). This type of a situation is not covered by warranty!<\/span><\/li>\n<li style=\"font-weight: 400;\"><span class=\"font-762333 font-377884\"  style=\"font-weight: 400;\">Whenever possible choose a compatible seatpost, preferably with carbon-tight fittings, but never use the aluminum ?half-moon&rdquo;. Many brands have opted for the &ldquo;half moon&rdquo; system in aluminum, but on carbon rails it works like a guillotine. Never use a seatpost whose lower rail clamping base is less than 30mm long (the larger the contact area between the rails and the seatpost clamping system, the better).<br>\nThe warranty does not cover this type of situation!<\/span><\/li>\n<li style=\"font-weight: 400;\"><span class=\"font-762333 font-377884\"><span style=\"font-weight: 400;\">I<\/span><span style=\"font-weight: 400;\">Montar o selim apenas no tipo de bike para qual foi desenvolvido. Esta \u00e9 uma pratica que infelizmente acontece co alguma frequ\u00eancia no BTT onde para ganharem algumas 10g os utilizadores arriscam o pr\u00f3prio selim. A garantia n\u00e3o abrange este tipo de situa\u00e7\u00e3o!<\/span><\/span><\/li>\n<li style=\"font-weight: 400;\"><span class=\"font-762333 font-377884\"  style=\"font-weight: 400;\">Never attempt to repair a damaged saddle. All repairs must be carried out by the manufacturer and the saddle should always be accompanied by the purchase invoice. In a situation where a skilled friend &ldquo;finds a way&rdquo; to repair a fractured saddle that is still under warranty, the warranty expires. This type of a situation is not covered by warranty!<\/span><\/li>\n<li style=\"font-weight: 400;\"><span class=\"font-762333 font-377884\"  style=\"font-weight: 400;\">Nunca utilizar qualquer tipo de solvente na lavagem do selim. A prote\u00e7\u00e3o superficial dos nossos selins \u00e9 a base de verniz poliuretano preparado para as radia\u00e7\u00f5es solares e para o desgaste normal resultado da fric\u00e7\u00e3o com os cal\u00e7\u00f5es. A limpeza deste material deve ser feita sempre com \u00e1gua e nunca com solventes (acetona, diluentes, benzina, etc). A garantia n\u00e3o abrange este tipo de situa\u00e7\u00e3o!<\/span><\/li>\n<\/ol><p>[\/vc_column_text][\/vc_column][\/vc_row][vc_row row_height_percent=&rdquo;0&Prime; override_padding=&rdquo;yes&rdquo; h_padding=&rdquo;2&Prime; top_padding=&rdquo;0&Prime; bottom_padding=&rdquo;0&Prime; overlay_alpha=&rdquo;50&Prime; gutter_size=&rdquo;3&Prime; column_width_percent=&rdquo;100&Prime; shift_y=&rdquo;0&Prime; z_index=&rdquo;0&Prime;][vc_column column_width_percent=&rdquo;100&Prime; override_padding=&rdquo;yes&rdquo; column_padding=&rdquo;3&Prime; back_color=&rdquo;color-xsdn&rdquo; overlay_alpha=&rdquo;50&Prime; gutter_size=&rdquo;3&Prime; medium_width=&rdquo;0&Prime; mobile_width=&rdquo;0&Prime; shift_x=&rdquo;0&Prime; shift_y=&rdquo;-4&Prime; shift_y_fixed=&rdquo;yes&rdquo; shift_y_down=&rdquo;0&Prime; z_index=&rdquo;0&Prime; width=&rdquo;1\/1&Prime;][vc_row_inner row_inner_height_percent=&rdquo;0&Prime; overlay_alpha=&rdquo;50&Prime; equal_height=&rdquo;yes&rdquo; gutter_size=&rdquo;0&Prime; shift_y=&rdquo;0&Prime;][vc_column_inner column_width_percent=&rdquo;100&Prime; position_vertical=&rdquo;middle&rdquo; align_horizontal=&rdquo;align_center&rdquo; override_padding=&rdquo;yes&rdquo; column_padding=&rdquo;2&Prime; gutter_size=&rdquo;3&Prime; overlay_alpha=&rdquo;50&Prime; medium_width=&rdquo;6&Prime; align_mobile=&rdquo;align_center_mobile&rdquo; mobile_width=&rdquo;0&Prime; shift_x=&rdquo;0&Prime; shift_y=&rdquo;0&Prime; shift_y_down=&rdquo;0&Prime; z_index=&rdquo;0&Prime; width=&rdquo;1\/1&Prime;][vc_custom_heading text_size=&rdquo;fontsize-155944&Prime; text_space=&rdquo;fontspace-781688&Prime; text_font=&rdquo;font-377884&Prime; text_weight=&rdquo;200&Prime;]Warranties on our products[\/vc_custom_heading][\/vc_column_inner][\/vc_row_inner][\/vc_column][\/vc_row][vc_row row_height_percent=&rdquo;0&Prime; override_padding=&rdquo;yes&rdquo; h_padding=&rdquo;2&Prime; top_padding=&rdquo;0&Prime; bottom_padding=&rdquo;0&Prime; overlay_alpha=&rdquo;50&Prime; gutter_size=&rdquo;3&Prime; column_width_percent=&rdquo;100&Prime; shift_y=&rdquo;0&Prime; z_index=&rdquo;0&Prime;][vc_column column_width_use_pixel=&rdquo;yes&rdquo; font_family=&rdquo;font-202503&Prime; overlay_alpha=&rdquo;50&Prime; gutter_size=&rdquo;2&Prime; medium_width=&rdquo;0&Prime; align_mobile=&rdquo;align_center_mobile&rdquo; mobile_width=&rdquo;0&Prime; shift_x=&rdquo;0&Prime; shift_y=&rdquo;0&Prime; shift_y_down=&rdquo;0&Prime; z_index=&rdquo;0&Prime; width=&rdquo;1\/1&Prime; column_width_pixel=&rdquo;800&Prime;][vc_column_text text_lead=&rdquo;yes&rdquo;]<span class=\"font-762333 font-377884\"><b>A garantia abrange:<\/b><span style=\"font-weight: 400;\"> all breakages or fractures that may arise through correct use of any of our products during a period of two years (24 months) from the date of sale to the end customer. Whenever a situation subject to warranty occurs, we replace the damaged item with a new one that is identical to the original (colors, decoration, etc). If the customer wants another type of decoration, it will always be subject to a new budget according to what is desired.<\/span><\/span><\/p><p><span class=\"font-762333 font-377884\" ><b>A garantia n\u00e3o abrange:<\/b><span style=\"font-weight: 400;\"> colis\u00e3o, acidentes, impactos fortes, quedas, uso\nindevido, neglig\u00eancia ou montagem inadequada. Nas situa\u00e7\u00f5es em que o dano causado n\u00e3o \u00e9 coberto pela garantia, o cliente pode optar pela\nsubstitui\u00e7\u00e3o da parte danificada ou total, beneficiando de um desconto de 20% do valor total do, para todos os produtos abaixo de 400\u20ac, e de 35% para todos os produtos acima dos 400\u20ac.<\/span><\/span>[\/vc_column_text][\/vc_column][\/vc_row][vc_row][vc_column width=&rdquo;1\/1&Prime;][vc_empty_space empty_h=&rdquo;2&Prime;][\/vc_column][\/vc_row]<\/p><\/p>","protected":false},"excerpt":{"rendered":"<p>[vc_row row_height_percent=&rdquo;0&Prime; override_padding=&rdquo;yes&rdquo; h_padding=&rdquo;2&Prime; top_padding=&rdquo;0&Prime; bottom_padding=&rdquo;0&Prime; overlay_alpha=&rdquo;50&Prime; gutter_size=&rdquo;3&Prime; column_width_percent=&rdquo;100&Prime; shift_y=&rdquo;0&Prime; z_index=&rdquo;0&Prime;][vc_column column_width_percent=&rdquo;100&Prime; override_padding=&rdquo;yes&rdquo; column_padding=&rdquo;3&Prime; back_color=&rdquo;color-xsdn&rdquo; overlay_alpha=&rdquo;50&Prime; gutter_size=&rdquo;3&Prime; medium_width=&rdquo;0&Prime; mobile_width=&rdquo;0&Prime; shift_x=&rdquo;0&Prime; [&hellip;]<\/p>","protected":false},"author":1,"featured_media":0,"parent":56971,"menu_order":0,"comment_status":"closed","ping_status":"closed","template":"","meta":[],"_links":{"self":[{"href":"http:\/\/gelucarboncreation.com\/pt\/wp-json\/wp\/v2\/pages\/80189"}],"collection":[{"href":"http:\/\/gelucarboncreation.com\/pt\/wp-json\/wp\/v2\/pages"}],"about":[{"href":"http:\/\/gelucarboncreation.com\/pt\/wp-json\/wp\/v2\/types\/page"}],"author":[{"embeddable":true,"href":"http:\/\/gelucarboncreation.com\/pt\/wp-json\/wp\/v2\/users\/1"}],"replies":[{"embeddable":true,"href":"http:\/\/gelucarboncreation.com\/pt\/wp-json\/wp\/v2\/comments?post=80189"}],"version-history":[{"count":21,"href":"http:\/\/gelucarboncreation.com\/pt\/wp-json\/wp\/v2\/pages\/80189\/revisions"}],"predecessor-version":[{"id":81116,"href":"http:\/\/gelucarboncreation.com\/pt\/wp-json\/wp\/v2\/pages\/80189\/revisions\/81116"}],"up":[{"embeddable":true,"href":"http:\/\/gelucarboncreation.com\/pt\/wp-json\/wp\/v2\/pages\/56971"}],"wp:attachment":[{"href":"http:\/\/gelucarboncreation.com\/pt\/wp-json\/wp\/v2\/media?parent=80189"}],"curies":[{"name":"wp","href":"https:\/\/api.w.org\/{rel}","templated":true}]}}