{"id":80546,"date":"2019-11-24T12:12:46","date_gmt":"2019-11-24T12:12:46","guid":{"rendered":"http:\/\/gelucarboncreation.com\/?page_id=80546"},"modified":"2019-11-24T12:12:46","modified_gmt":"2019-11-24T12:12:46","slug":"order-350mm-seatpost-o-316","status":"publish","type":"page","link":"http:\/\/gelucarboncreation.com\/pt\/order-350mm-seatpost-o-316\/","title":{"rendered":"<p>Order 350mm Seatpost &Oslash; 31,6<\/p>"},"content":{"rendered":"<p>[vc_row unlock_row_content=&rdquo;yes&rdquo; row_height_percent=&rdquo;0&Prime; override_padding=&rdquo;yes&rdquo; h_padding=&rdquo;0&Prime; top_padding=&rdquo;0&Prime; bottom_padding=&rdquo;0&Prime; overlay_alpha=&rdquo;100&Prime; equal_height=&rdquo;yes&rdquo; gutter_size=&rdquo;0&Prime; shift_y=&rdquo;0&Prime; style=&rdquo;inherited&rdquo;][vc_column column_width_percent=&rdquo;100&Prime; override_padding=&rdquo;yes&rdquo; column_padding=&rdquo;5&Prime; overlay_alpha=&rdquo;100&Prime; gutter_size=&rdquo;3&Prime; medium_width=&rdquo;0&Prime; shift_x=&rdquo;0&Prime; shift_y=&rdquo;0&Prime; zoom_width=&rdquo;0&Prime; zoom_height=&rdquo;0&Prime; width=&rdquo;1\/3&Prime;][vc_custom_heading heading_semantic=&rdquo;h3&Prime; text_size=&rdquo;h3&Prime; text_weight=&rdquo;700&Prime; text_transform=&rdquo;uppercase&rdquo; text_align=&rdquo;text-left&rdquo; text_uppercase=&rdquo;&rdquo;]Order Details[\/vc_custom_heading][vc_separator][vc_column_text]<strong>N\u00f3s s\u00f3 fabricamos por encomenda e s\u00f3 depois do cliente escolher o modelo e a personaliza\u00e7\u00e3o. O pagamento s\u00f3 \u00e9 feito depois de o selim estar pronto. <\/strong><strong><\/strong><p><strong>1\u00ba passo:<\/strong>escolha um modelo de selim<\/p><p><strong>2\u00ba passo:<\/strong>deixe aqui uma indica\u00e7\u00e3o ou um ficheiro com a personaliza\u00e7\u00e3o desejada. A personaliza\u00e7\u00e3o \u00e9 de livre escolha dos pr\u00f3prios clientes e podem escolher tudo o que desejarem, desde a simples escolha das cores dos logos e do acabamento mate ou brilhante, as personaliza\u00e7\u00f5es mais elaboradas como desenhos, cores, nome, bandeira nacional, etc.<em><\/em><\/p><p><strong>3\u00ba passo:<\/strong>a encomenda esta registada e come\u00e7a o processo de fabrico. O tempo de espera \u00e9 de cerca de quatro semanas a partir deste momento.<\/p><p><strong>4\u00ba passo:<\/strong>quando o selim est\u00e1 pronto, recebe um email com os dados para o pagamento que pode ser feito por transfer\u00eancia bancaria ou por Paypal. Se escolher pagar por Paypal ter\u00e1 que pagar mais 5,5% de taxas extra impostas pela pr\u00f3pria Paypal e ter\u00e1 que indicar o email associado \u00e0 sua conta Paypal.<\/p><p><strong>5\u00ba passo:<\/strong>: After confirmation of payment, the saddle is sent to the address indicated. Delivery time is two days within the European community and three days for any country outside the European community.[\/vc_column_text][\/vc_column][vc_column column_width_percent=&rdquo;100&Prime; position_horizontal=&rdquo;left&rdquo; override_padding=&rdquo;yes&rdquo; column_padding=&rdquo;5&Prime; back_color=&rdquo;color-lxmt&rdquo; overlay_alpha=&rdquo;100&Prime; gutter_size=&rdquo;3&Prime; medium_width=&rdquo;0&Prime; shift_x=&rdquo;0&Prime; shift_y=&rdquo;0&Prime; zoom_width=&rdquo;0&Prime; zoom_height=&rdquo;0&Prime; width=&rdquo;2\/3&Prime;][vc_custom_heading heading_semantic=&rdquo;h3&Prime; text_size=&rdquo;h3&Prime; text_weight=&rdquo;700&Prime; text_transform=&rdquo;uppercase&rdquo; text_align=&rdquo;text-left&rdquo;]Your Order[\/vc_custom_heading][vc_separator]<\/p><div role=\"form\"  class=\"wpcf7\"  id=\"wpcf7-f80504-o1\"  lang=\"en-US\"  dir=\"ltr\">\n<div class=\"screen-reader-response\"><p role=\"status\"  aria-live=\"polite\"  aria-atomic=\"true\"><\/p> <ul><\/ul><\/div>\n<form action=\"\/pt\/wp-json\/wp\/v2\/pages\/80546#wpcf7-f80504-o1\"  method=\"post\"  class=\"wpcf7-form init\"  novalidate=\"novalidate\"  data-status=\"init\"  data-trp-original-action=\"\/pt\/wp-json\/wp\/v2\/pages\/80546#wpcf7-f80504-o1\">\n<div style=\"display: none;\">\n<input type=\"hidden\"  name=\"_wpcf7\"  value=\"80504\">\n<input type=\"hidden\"  name=\"_wpcf7_version\" value=\"5.3\">\n<input type=\"hidden\"  name=\"_wpcf7_locale\" value=\"en_US\">\n<input type=\"hidden\"  name=\"_wpcf7_unit_tag\"  value=\"wpcf7-f80504-o1\">\n<input type=\"hidden\"  name=\"_wpcf7_container_post\" value=\"0\">\n<input type=\"hidden\"  name=\"_wpcf7_posted_data_hash\" value=\"\">\n<input type=\"hidden\"  name=\"_wpcf7_recaptcha_response\" value=\"\">\n<\/div>\n<p>Nome (obrigat\u00f3rio)<br>\n    <span class=\"wpcf7-form-control-wrap your-name\"><input type=\"text\"  name=\"your-name\"  value=\"\"  size=\"40\"  class=\"wpcf7-form-control wpcf7-text wpcf7-validates-as-required\"  aria-required=\"true\"  aria-invalid=\"false\"><\/span> <\/p>\n<p><label> E-mail (obrigat\u00f3rio)<br>\n    <span class=\"wpcf7-form-control-wrap your-email\"><input type=\"email\"  name=\"your-email\"  value=\"\"  size=\"40\"  class=\"wpcf7-form-control wpcf7-text wpcf7-email wpcf7-validates-as-required wpcf7-validates-as-email\"  aria-required=\"true\"  aria-invalid=\"false\"><\/span> <\/label><\/p>\n<p><label> Produto (obrigat\u00f3rio)<br>\n<span class=\"wpcf7-form-control-wrap menu-332\"><select name=\"menu-332\"  class=\"wpcf7-form-control wpcf7-select wpcf7-validates-as-required\"  aria-required=\"true\"  aria-invalid=\"false\"><option value=\"350mm Seatpost &Oslash; 31,6\">350mm Seatpost &Oslash; 31,6<\/option><\/select><\/span> <\/label><\/p>\n<p><label> Mensagem<br>\n    <span class=\"wpcf7-form-control-wrap your-message\"><textarea name=\"your-message\"  cols=\"40\"  rows=\"10\"  class=\"wpcf7-form-control wpcf7-textarea\"  aria-invalid=\"false\"><\/textarea><\/span> <\/label><\/p>\n<p><input type=\"submit\"  value=\"Encomendar\"  class=\"wpcf7-form-control wpcf7-submit\"><\/p>\n<div class=\"wpcf7-response-output\"  aria-hidden=\"true\"><\/div><input type=\"hidden\"  name=\"trp-form-language\"  value=\"pt\"\/><\/form><\/div><p>[\/vc_column][\/vc_row]<\/p><\/p>","protected":false},"excerpt":{"rendered":"<p>[vc_row unlock_row_content=&rdquo;yes&rdquo; row_height_percent=&rdquo;0&Prime; override_padding=&rdquo;yes&rdquo; h_padding=&rdquo;0&Prime; top_padding=&rdquo;0&Prime; bottom_padding=&rdquo;0&Prime; overlay_alpha=&rdquo;100&Prime; equal_height=&rdquo;yes&rdquo; gutter_size=&rdquo;0&Prime; shift_y=&rdquo;0&Prime; style=&rdquo;inherited&rdquo;][vc_column column_width_percent=&rdquo;100&Prime; override_padding=&rdquo;yes&rdquo; column_padding=&rdquo;5&Prime; overlay_alpha=&rdquo;100&Prime; gutter_size=&rdquo;3&Prime; medium_width=&rdquo;0&Prime; shift_x=&rdquo;0&Prime; shift_y=&rdquo;0&Prime; [&hellip;]<\/p>","protected":false},"author":1,"featured_media":80190,"parent":0,"menu_order":34,"comment_status":"open","ping_status":"closed","template":"","meta":[],"_links":{"self":[{"href":"http:\/\/gelucarboncreation.com\/pt\/wp-json\/wp\/v2\/pages\/80546"}],"collection":[{"href":"http:\/\/gelucarboncreation.com\/pt\/wp-json\/wp\/v2\/pages"}],"about":[{"href":"http:\/\/gelucarboncreation.com\/pt\/wp-json\/wp\/v2\/types\/page"}],"author":[{"embeddable":true,"href":"http:\/\/gelucarboncreation.com\/pt\/wp-json\/wp\/v2\/users\/1"}],"replies":[{"embeddable":true,"href":"http:\/\/gelucarboncreation.com\/pt\/wp-json\/wp\/v2\/comments?post=80546"}],"version-history":[{"count":1,"href":"http:\/\/gelucarboncreation.com\/pt\/wp-json\/wp\/v2\/pages\/80546\/revisions"}],"predecessor-version":[{"id":80550,"href":"http:\/\/gelucarboncreation.com\/pt\/wp-json\/wp\/v2\/pages\/80546\/revisions\/80550"}],"wp:featuredmedia":[{"embeddable":true,"href":"http:\/\/gelucarboncreation.com\/pt\/wp-json\/wp\/v2\/media\/80190"}],"wp:attachment":[{"href":"http:\/\/gelucarboncreation.com\/pt\/wp-json\/wp\/v2\/media?parent=80546"}],"curies":[{"name":"wp","href":"https:\/\/api.w.org\/{rel}","templated":true}]}}