{"id":80675,"date":"2020-11-15T18:46:29","date_gmt":"2020-11-15T18:46:29","guid":{"rendered":"http:\/\/gelucarboncreation.com\/?post_type=product&#038;p=80675"},"modified":"2025-12-23T13:35:54","modified_gmt":"2025-12-23T13:35:54","slug":"fixing-system","status":"publish","type":"product","link":"http:\/\/gelucarboncreation.com\/pt\/produto\/fixing-system\/","title":{"rendered":"<p>Sistema de fixa\u00e7\u00e3o<\/p>"},"content":{"rendered":"<p>[vc_row unlock_row_content=&rdquo;yes&rdquo; row_height_percent=&rdquo;0&Prime; override_padding=&rdquo;yes&rdquo; h_padding=&rdquo;2&Prime; top_padding=&rdquo;4&Prime; bottom_padding=&rdquo;4&Prime; back_color=&rdquo;color-rgdb&rdquo; overlay_alpha=&rdquo;0&Prime; gutter_size=&rdquo;100&Prime; shift_y=&rdquo;0&Prime; style=&rdquo;inherited&rdquo;][vc_column column_width_percent=&rdquo;100&Prime; position_vertical=&rdquo;middle&rdquo; align_horizontal=&rdquo;align_center&rdquo; style=&rdquo;light&rdquo; overlay_alpha=&rdquo;100&Prime; gutter_size=&rdquo;2&Prime; medium_width=&rdquo;7&Prime; mobile_width=&rdquo;0&Prime; shift_x=&rdquo;0&Prime; shift_y=&rdquo;0&Prime; shift_y_down=&rdquo;0&Prime; z_index=&rdquo;0&Prime; zoom_width=&rdquo;0&Prime; zoom_height=&rdquo;0&Prime; width=&rdquo;1\/1&Prime;][vc_row_inner row_inner_height_percent=&rdquo;0&Prime; overlay_alpha=&rdquo;50&Prime; gutter_size=&rdquo;3&Prime; shift_y=&rdquo;0&Prime;][vc_column_inner column_width_percent=&rdquo;100&Prime; position_vertical=&rdquo;middle&rdquo; align_horizontal=&rdquo;align_center&rdquo; style=&rdquo;dark&rdquo; gutter_size=&rdquo;0&Prime; overlay_alpha=&rdquo;50&Prime; medium_width=&rdquo;0&Prime; shift_x=&rdquo;0&Prime; shift_y=&rdquo;0&Prime; css_animation=&rdquo;zoom-in&rdquo; zoom_width=&rdquo;0&Prime; zoom_height=&rdquo;0&Prime; width=&rdquo;1\/4&Prime;][uncode_counter value=&rdquo;100&Prime; size=&rdquo;h1&Prime; weight=&rdquo;600&Prime; text=&rdquo;Unique&rdquo; dimension=&rdquo;h1&Prime; suffix=&rdquo;%&rdquo;][\/vc_column_inner][vc_column_inner column_width_percent=&rdquo;100&Prime; position_vertical=&rdquo;middle&rdquo; align_horizontal=&rdquo;align_center&rdquo; style=&rdquo;dark&rdquo; gutter_size=&rdquo;0&Prime; overlay_alpha=&rdquo;50&Prime; medium_width=&rdquo;0&Prime; shift_x=&rdquo;0&Prime; shift_y=&rdquo;0&Prime; css_animation=&rdquo;zoom-in&rdquo; animation_delay=&rdquo;200&Prime; zoom_width=&rdquo;0&Prime; zoom_height=&rdquo;0&Prime; width=&rdquo;1\/4&Prime;][uncode_counter value=&rdquo;100&Prime; size=&rdquo;h1&Prime; weight=&rdquo;600&Prime; text=&rdquo;Original&rdquo; dimension=&rdquo;h1&Prime; suffix=&rdquo;%&rdquo;][\/vc_column_inner][vc_column_inner column_width_percent=&rdquo;100&Prime; position_vertical=&rdquo;middle&rdquo; align_horizontal=&rdquo;align_center&rdquo; style=&rdquo;dark&rdquo; gutter_size=&rdquo;0&Prime; overlay_alpha=&rdquo;50&Prime; medium_width=&rdquo;0&Prime; shift_x=&rdquo;0&Prime; shift_y=&rdquo;0&Prime; css_animation=&rdquo;zoom-in&rdquo; animation_delay=&rdquo;800&Prime; zoom_width=&rdquo;0&Prime; zoom_height=&rdquo;0&Prime; width=&rdquo;1\/4&Prime;][uncode_counter value=&rdquo;100&Prime; size=&rdquo;h1&Prime; weight=&rdquo;600&Prime; text=&rdquo;Recyclable&rdquo; dimension=&rdquo;h1&Prime; suffix=&rdquo;%&rdquo;][\/vc_column_inner][\/vc_row_inner][\/vc_column][\/vc_row][vc_row unlock_row_content=&rdquo;yes&rdquo; row_height_percent=&rdquo;0&Prime; override_padding=&rdquo;yes&rdquo; h_padding=&rdquo;2&Prime; top_padding=&rdquo;5&Prime; bottom_padding=&rdquo;5&Prime; back_color=&rdquo;color-rgdb&rdquo; back_image=&rdquo;11298&Prime; back_position=&rdquo;center bottom&rdquo; parallax=&rdquo;yes&rdquo; overlay_color=&rdquo;color-wayh&rdquo; overlay_alpha=&rdquo;84&Prime; equal_height=&rdquo;yes&rdquo; gutter_size=&rdquo;0&Prime; shift_y=&rdquo;0&Prime;][vc_column column_width_use_pixel=&rdquo;yes&rdquo; position_vertical=&rdquo;middle&rdquo; align_horizontal=&rdquo;align_center&rdquo; override_padding=&rdquo;yes&rdquo; column_padding=&rdquo;3&Prime; style=&rdquo;dark&rdquo; overlay_alpha=&rdquo;50&Prime; gutter_size=&rdquo;3&Prime; medium_width=&rdquo;0&Prime; shift_x=&rdquo;0&Prime; shift_y=&rdquo;0&Prime; z_index=&rdquo;0&Prime; css_animation=&rdquo;zoom-in&rdquo; animation_delay=&rdquo;200&Prime; zoom_width=&rdquo;0&Prime; zoom_height=&rdquo;0&Prime; width=&rdquo;1\/1&Prime; column_width_pixel=&rdquo;600&Prime;][vc_single_image media=&rdquo;79934&Prime; media_width_use_pixel=&rdquo;yes&rdquo; media_ratio=&rdquo;one-one&rdquo; alignment=&rdquo;center&rdquo; shape=&rdquo;img-circle&rdquo; media_title_uppercase=&rdquo;&rdquo; media_width_pixel=&rdquo;100&Prime;][vc_custom_heading heading_semantic=&rdquo;h4&Prime; text_size=&rdquo;h4&Prime; text_weight=&rdquo;400&Prime; text_uppercase=&rdquo;&rdquo;]Designed by Anghel Ivanof[\/vc_custom_heading][\/vc_column][\/vc_row]<\/p>","protected":false},"excerpt":{"rendered":"<p class=\"p1\">Sistema de fixa\u00e7\u00e3o para espig\u00e3o de selim composto por meia lua e parte superior de aperto em carbono, parafusos em titanio e porcas cilindricas em aluminio anodizadas em preto.<table>\n<tbody>\n<tr>\n<td>Peso do conjunto completo<\/td>\n<td>30g<\/td>\n<\/tr>\n<\/tbody>\n<\/table><p><a class=\"orderBtn btn\"  href=\"http:\/\/gelucarboncreation.com\/pt\/order-fixing-system\/\">Encomendar<\/a><\/p><\/p>","protected":false},"featured_media":80674,"comment_status":"open","ping_status":"closed","template":"","meta":[],"product_cat":[112],"product_tag":[64,110,128],"_links":{"self":[{"href":"http:\/\/gelucarboncreation.com\/pt\/wp-json\/wp\/v2\/product\/80675"}],"collection":[{"href":"http:\/\/gelucarboncreation.com\/pt\/wp-json\/wp\/v2\/product"}],"about":[{"href":"http:\/\/gelucarboncreation.com\/pt\/wp-json\/wp\/v2\/types\/product"}],"replies":[{"embeddable":true,"href":"http:\/\/gelucarboncreation.com\/pt\/wp-json\/wp\/v2\/comments?post=80675"}],"wp:featuredmedia":[{"embeddable":true,"href":"http:\/\/gelucarboncreation.com\/pt\/wp-json\/wp\/v2\/media\/80674"}],"wp:attachment":[{"href":"http:\/\/gelucarboncreation.com\/pt\/wp-json\/wp\/v2\/media?parent=80675"}],"wp:term":[{"taxonomy":"product_cat","embeddable":true,"href":"http:\/\/gelucarboncreation.com\/pt\/wp-json\/wp\/v2\/product_cat?post=80675"},{"taxonomy":"product_tag","embeddable":true,"href":"http:\/\/gelucarboncreation.com\/pt\/wp-json\/wp\/v2\/product_tag?post=80675"}],"curies":[{"name":"wp","href":"https:\/\/api.w.org\/{rel}","templated":true}]}}