{"id":80291,"date":"2019-08-25T15:12:36","date_gmt":"2019-08-25T15:12:36","guid":{"rendered":"http:\/\/gelucarboncreation.com\/wp\/?post_type=product&#038;p=80291"},"modified":"2025-12-23T13:35:54","modified_gmt":"2025-12-23T13:35:54","slug":"gelu-p-3","status":"publish","type":"product","link":"https:\/\/gelucarboncreation.com\/pt\/produto\/gelu-p-3\/","title":{"rendered":"<p>Gelu P-3<\/p>"},"content":{"rendered":"<p>[vc_row unlock_row_content=&rdquo;yes&rdquo; row_height_percent=&rdquo;50&Prime; override_padding=&rdquo;yes&rdquo; h_padding=&rdquo;0&Prime; top_padding=&rdquo;0&Prime; bottom_padding=&rdquo;0&Prime; back_color=&rdquo;color-wayh&rdquo; overlay_alpha=&rdquo;50&Prime; equal_height=&rdquo;yes&rdquo; gutter_size=&rdquo;0&Prime; shift_y=&rdquo;0&Prime;][vc_column column_width_percent=&rdquo;70&Prime; position_vertical=&rdquo;middle&rdquo; override_padding=&rdquo;yes&rdquo; column_padding=&rdquo;5&Prime; back_color=&rdquo;color-xsdn&rdquo; overlay_alpha=&rdquo;50&Prime; gutter_size=&rdquo;3&Prime; medium_width=&rdquo;0&Prime; mobile_width=&rdquo;0&Prime; shift_x=&rdquo;0&Prime; shift_y=&rdquo;0&Prime; shift_y_down=&rdquo;0&Prime; z_index=&rdquo;0&Prime; css_animation=&rdquo;bottom-t-top&rdquo; animation_delay=&rdquo;200&Prime; zoom_width=&rdquo;0&Prime; zoom_height=&rdquo;0&Prime; width=&rdquo;1\/2&Prime;][vc_custom_heading heading_semantic=&rdquo;h3&Prime; text_size=&rdquo;h1&Prime; text_space=&rdquo;fontspace-111509&Prime; text_font=&rdquo;font-762333&Prime; sub_reduced=&rdquo;yes&rdquo; text_uppercase=&rdquo;&rdquo;]Download the file with our 3D model so you can customize your saddle. When you make the order you can upload it and send to us so we can make it just as you want it&hellip;[\/vc_custom_heading][vc_separator][vc_button button_color=&rdquo;accent&rdquo; size=&rdquo;btn-xl&rdquo; radius=&rdquo;btn-square&rdquo; border_animation=&rdquo;btn-ripple-out&rdquo; border_width=&rdquo;0&Prime; css_animation=&rdquo;left-t-right&rdquo; italic=&rdquo;&rdquo; icon=&rdquo;fa fa-file-pdf-o&rdquo; link=&rdquo;url:http%3A%2F%2Fgelucarboncreation.com%2Fwp-content%2Fuploads%2F2019%2F08%2Fserie-p.jpg||target:%20_blank|&rdquo;]Dowload PDF File[\/vc_button][\/vc_column][vc_column column_width_percent=&rdquo;100&Prime; position_vertical=&rdquo;bottom&rdquo; overlay_alpha=&rdquo;50&Prime; gutter_size=&rdquo;0&Prime; medium_width=&rdquo;0&Prime; mobile_width=&rdquo;0&Prime; shift_x=&rdquo;0&Prime; shift_y=&rdquo;0&Prime; shift_y_down=&rdquo;0&Prime; z_index=&rdquo;0&Prime; css_animation=&rdquo;bottom-t-top&rdquo; animation_delay=&rdquo;400&Prime; zoom_width=&rdquo;0&Prime; zoom_height=&rdquo;0&Prime; width=&rdquo;1\/2&Prime; mobile_height=&rdquo;300&Prime;][vc_single_image media=&rdquo;80107&Prime; media_width_percent=&rdquo;100&Prime;][\/vc_column][\/vc_row][vc_row unlock_row_content=&rdquo;yes&rdquo; row_height_percent=&rdquo;50&Prime; override_padding=&rdquo;yes&rdquo; h_padding=&rdquo;0&Prime; top_padding=&rdquo;0&Prime; bottom_padding=&rdquo;0&Prime; back_color=&rdquo;color-wayh&rdquo; overlay_alpha=&rdquo;50&Prime; equal_height=&rdquo;yes&rdquo; gutter_size=&rdquo;0&Prime; shift_y=&rdquo;0&Prime;][vc_column column_width_percent=&rdquo;100&Prime; back_color=&rdquo;color-xsdn&rdquo; overlay_alpha=&rdquo;50&Prime; gutter_size=&rdquo;3&Prime; medium_width=&rdquo;0&Prime; mobile_width=&rdquo;0&Prime; shift_x=&rdquo;0&Prime; shift_y=&rdquo;0&Prime; shift_y_down=&rdquo;0&Prime; z_index=&rdquo;0&Prime; zoom_width=&rdquo;0&Prime; zoom_height=&rdquo;0&Prime; width=&rdquo;1\/1&Prime; mobile_height=&rdquo;380&Prime; css=&rdquo;.vc_custom_1566742428862{padding-top: 200px !important;}&rdquo;][vc_gallery el_id=&rdquo;gallery-150802&Prime; type=&rdquo;carousel&rdquo; random=&rdquo;yes&rdquo; medias=&rdquo;80108,80109,80110,80111,80112&Prime; carousel_lg=&rdquo;3&Prime; carousel_md=&rdquo;3&Prime; carousel_sm=&rdquo;1&Prime; thumb_size=&rdquo;two-one&rdquo; gutter_size=&rdquo;0&Prime; carousel_interval=&rdquo;3000&Prime; carousel_navspeed=&rdquo;400&Prime; carousel_loop=&rdquo;yes&rdquo; stage_padding=&rdquo;0&Prime; single_back_color=&rdquo;color-xsdn&rdquo; single_overlay_opacity=&rdquo;50&Prime; single_padding=&rdquo;2&Prime; single_border=&rdquo;yes&rdquo;][\/vc_column][\/vc_row][vc_row unlock_row_content=&rdquo;yes&rdquo; row_height_percent=&rdquo;0&Prime; override_padding=&rdquo;yes&rdquo; h_padding=&rdquo;2&Prime; top_padding=&rdquo;4&Prime; bottom_padding=&rdquo;4&Prime; back_color=&rdquo;color-rgdb&rdquo; overlay_alpha=&rdquo;0&Prime; gutter_size=&rdquo;100&Prime; shift_y=&rdquo;0&Prime; style=&rdquo;inherited&rdquo;][vc_column column_width_percent=&rdquo;100&Prime; position_vertical=&rdquo;middle&rdquo; align_horizontal=&rdquo;align_center&rdquo; style=&rdquo;light&rdquo; overlay_alpha=&rdquo;100&Prime; gutter_size=&rdquo;2&Prime; medium_width=&rdquo;7&Prime; mobile_width=&rdquo;0&Prime; shift_x=&rdquo;0&Prime; shift_y=&rdquo;0&Prime; shift_y_down=&rdquo;0&Prime; z_index=&rdquo;0&Prime; zoom_width=&rdquo;0&Prime; zoom_height=&rdquo;0&Prime; width=&rdquo;1\/1&Prime;][vc_row_inner row_inner_height_percent=&rdquo;0&Prime; overlay_alpha=&rdquo;50&Prime; gutter_size=&rdquo;3&Prime; shift_y=&rdquo;0&Prime;][vc_column_inner column_width_percent=&rdquo;100&Prime; position_vertical=&rdquo;middle&rdquo; align_horizontal=&rdquo;align_center&rdquo; style=&rdquo;dark&rdquo; gutter_size=&rdquo;0&Prime; overlay_alpha=&rdquo;50&Prime; medium_width=&rdquo;0&Prime; shift_x=&rdquo;0&Prime; shift_y=&rdquo;0&Prime; css_animation=&rdquo;zoom-in&rdquo; zoom_width=&rdquo;0&Prime; zoom_height=&rdquo;0&Prime; width=&rdquo;1\/4&Prime;][uncode_counter value=&rdquo;100&Prime; size=&rdquo;h1&Prime; weight=&rdquo;600&Prime; text=&rdquo;Unique&rdquo; dimension=&rdquo;h1&Prime; suffix=&rdquo;%&rdquo;][\/vc_column_inner][vc_column_inner column_width_percent=&rdquo;100&Prime; position_vertical=&rdquo;middle&rdquo; align_horizontal=&rdquo;align_center&rdquo; style=&rdquo;dark&rdquo; gutter_size=&rdquo;0&Prime; overlay_alpha=&rdquo;50&Prime; medium_width=&rdquo;0&Prime; shift_x=&rdquo;0&Prime; shift_y=&rdquo;0&Prime; css_animation=&rdquo;zoom-in&rdquo; animation_delay=&rdquo;200&Prime; zoom_width=&rdquo;0&Prime; zoom_height=&rdquo;0&Prime; width=&rdquo;1\/4&Prime;][uncode_counter value=&rdquo;100&Prime; size=&rdquo;h1&Prime; weight=&rdquo;600&Prime; text=&rdquo;Original&rdquo; dimension=&rdquo;h1&Prime; suffix=&rdquo;%&rdquo;][\/vc_column_inner][vc_column_inner column_width_percent=&rdquo;100&Prime; position_vertical=&rdquo;middle&rdquo; align_horizontal=&rdquo;align_center&rdquo; style=&rdquo;dark&rdquo; gutter_size=&rdquo;0&Prime; overlay_alpha=&rdquo;50&Prime; medium_width=&rdquo;0&Prime; shift_x=&rdquo;0&Prime; shift_y=&rdquo;0&Prime; css_animation=&rdquo;zoom-in&rdquo; animation_delay=&rdquo;800&Prime; zoom_width=&rdquo;0&Prime; zoom_height=&rdquo;0&Prime; width=&rdquo;1\/4&Prime;][uncode_counter value=&rdquo;100&Prime; size=&rdquo;h1&Prime; weight=&rdquo;600&Prime; text=&rdquo;Recyclable&rdquo; dimension=&rdquo;h1&Prime; suffix=&rdquo;%&rdquo;][\/vc_column_inner][\/vc_row_inner][\/vc_column][\/vc_row][vc_row unlock_row_content=&rdquo;yes&rdquo; row_height_percent=&rdquo;0&Prime; override_padding=&rdquo;yes&rdquo; h_padding=&rdquo;2&Prime; top_padding=&rdquo;5&Prime; bottom_padding=&rdquo;5&Prime; back_color=&rdquo;color-rgdb&rdquo; back_image=&rdquo;11298&Prime; back_position=&rdquo;center bottom&rdquo; parallax=&rdquo;yes&rdquo; overlay_color=&rdquo;color-wayh&rdquo; overlay_alpha=&rdquo;84&Prime; equal_height=&rdquo;yes&rdquo; gutter_size=&rdquo;0&Prime; shift_y=&rdquo;0&Prime;][vc_column column_width_use_pixel=&rdquo;yes&rdquo; position_vertical=&rdquo;middle&rdquo; align_horizontal=&rdquo;align_center&rdquo; override_padding=&rdquo;yes&rdquo; column_padding=&rdquo;3&Prime; style=&rdquo;dark&rdquo; overlay_alpha=&rdquo;50&Prime; gutter_size=&rdquo;3&Prime; medium_width=&rdquo;0&Prime; shift_x=&rdquo;0&Prime; shift_y=&rdquo;0&Prime; z_index=&rdquo;0&Prime; css_animation=&rdquo;zoom-in&rdquo; animation_delay=&rdquo;200&Prime; zoom_width=&rdquo;0&Prime; zoom_height=&rdquo;0&Prime; width=&rdquo;1\/1&Prime; column_width_pixel=&rdquo;600&Prime;][vc_single_image media=&rdquo;79934&Prime; media_width_use_pixel=&rdquo;yes&rdquo; media_ratio=&rdquo;one-one&rdquo; alignment=&rdquo;center&rdquo; shape=&rdquo;img-circle&rdquo; media_title_uppercase=&rdquo;&rdquo; media_width_pixel=&rdquo;100&Prime;][vc_custom_heading heading_semantic=&rdquo;h4&Prime; text_size=&rdquo;h4&Prime; text_weight=&rdquo;400&Prime; text_uppercase=&rdquo;&rdquo;]Designed by Anghel Ivanof[\/vc_custom_heading][\/vc_column][\/vc_row]<\/p>","protected":false},"excerpt":{"rendered":"<p class=\"p1\"><span class=\"s1\">Desenhados para o triatlo e para o contra-relogio, os selins da serie <b>P<\/b>&nbsp;s\u00e3o os que oferecem uma maior base de apoio na parte frontal (55mm), o que os torna muito confort\u00e1veis para quem gosta de pedalar sentado mais a frente no selim. A abertura central foi especialmente desenhada para garantir a aus\u00eancia total de press\u00e3o na regi\u00e3o prost\u00e1tica. Ortopedicamente certificados!<\/span><table>\n<tbody>\n<tr>\n<td>Peso<\/td>\n<td>+\/- 60g<\/td>\n<\/tr>\n<tr>\n<td>Dimens\u00f5es<\/td>\n<td>250\/126 (mm)<\/td>\n<\/tr>\n<tr>\n<td>Nose Width<\/td>\n<td>54mm<\/td>\n<\/tr>\n<tr>\n<td>Selim<\/td>\n<td>100% preperg.carbon\/ epoxy<\/td>\n<\/tr>\n<tr>\n<td>Arma\u00e7\u00e3o<\/td>\n<td>Oval 7X9 (mm), 100% preperg.carbon\/ epoxy<\/td>\n<\/tr>\n<tr>\n<td>Peso M\u00e1ximo<\/td>\n<td>85kg<\/td>\n<\/tr>\n<tr>\n<td>Apropriado para<\/td>\n<td><strong>Especialmente desenvolvido para Triatlo e Contra-Rel\u00f3gio.&nbsp;<\/strong>.&nbsp;Road bikes, recreation &amp; urban bikes; Possibility of customization (colors, names, logos&hellip;)<\/td>\n<\/tr>\n<\/tbody>\n<\/table><p><a class=\"orderBtn btn\"  href=\"https:\/\/gelucarboncreation.com\/pt\/order-p3\/\">Encomendar<\/a><\/p><\/p>","protected":false},"featured_media":80106,"comment_status":"open","ping_status":"closed","template":"","meta":[],"product_cat":[108,138],"product_tag":[109,110,64],"_links":{"self":[{"href":"https:\/\/gelucarboncreation.com\/pt\/wp-json\/wp\/v2\/product\/80291"}],"collection":[{"href":"https:\/\/gelucarboncreation.com\/pt\/wp-json\/wp\/v2\/product"}],"about":[{"href":"https:\/\/gelucarboncreation.com\/pt\/wp-json\/wp\/v2\/types\/product"}],"replies":[{"embeddable":true,"href":"https:\/\/gelucarboncreation.com\/pt\/wp-json\/wp\/v2\/comments?post=80291"}],"wp:featuredmedia":[{"embeddable":true,"href":"https:\/\/gelucarboncreation.com\/pt\/wp-json\/wp\/v2\/media\/80106"}],"wp:attachment":[{"href":"https:\/\/gelucarboncreation.com\/pt\/wp-json\/wp\/v2\/media?parent=80291"}],"wp:term":[{"taxonomy":"product_cat","embeddable":true,"href":"https:\/\/gelucarboncreation.com\/pt\/wp-json\/wp\/v2\/product_cat?post=80291"},{"taxonomy":"product_tag","embeddable":true,"href":"https:\/\/gelucarboncreation.com\/pt\/wp-json\/wp\/v2\/product_tag?post=80291"}],"curies":[{"name":"wp","href":"https:\/\/api.w.org\/{rel}","templated":true}]}}